{"id":61,"date":"2020-01-23T18:21:52","date_gmt":"2020-01-23T18:21:52","guid":{"rendered":"https:\/\/demosites.io\/web-agency-gb\/?page_id=61"},"modified":"2026-01-22T14:14:28","modified_gmt":"2026-01-22T14:14:28","slug":"15c42-web-agency-gb-about-us","status":"publish","type":"page","link":"https:\/\/mamlesmamounettes.com\/?page_id=61","title":{"rendered":"L&rsquo;\u00e9quipe de la MAM"},"content":{"rendered":"\n<p><\/p>\n\n\n\n<div class=\"wp-block-group\"><div class=\"wp-block-group__inner-container is-layout-flow wp-block-group-is-layout-flow\">\n<figure class=\"wp-block-image\"><img loading=\"lazy\" decoding=\"async\" width=\"993\" height=\"662\" src=\"http:\/\/mamlesmamounettes.com\/wp-content\/uploads\/2022\/05\/IMG_7564-1-edited-1.jpg\" alt=\"\" class=\"wp-image-461\" srcset=\"https:\/\/mamlesmamounettes.com\/wp-content\/uploads\/2022\/05\/IMG_7564-1-edited-1.jpg 993w, https:\/\/mamlesmamounettes.com\/wp-content\/uploads\/2022\/05\/IMG_7564-1-edited-1-300x200.jpg 300w, https:\/\/mamlesmamounettes.com\/wp-content\/uploads\/2022\/05\/IMG_7564-1-edited-1-768x512.jpg 768w, https:\/\/mamlesmamounettes.com\/wp-content\/uploads\/2022\/05\/IMG_7564-1-edited-1-770x513.jpg 770w, https:\/\/mamlesmamounettes.com\/wp-content\/uploads\/2022\/05\/IMG_7564-1-edited-1-370x247.jpg 370w\" sizes=\"auto, (max-width: 993px) 100vw, 993px\" \/><\/figure>\n\n\n\n<p><strong><em>Fabienne Lebreton<\/em><\/strong><\/p>\n\n\n\n<p><strong>Assistante maternelle agr\u00e9e en Septembre 2012<\/strong><\/p>\n\n\n\n<p>Passionn\u00e9e par le secteur de la petite enfance depuis mon plus jeune \u00e2ge, travailler aux c\u00f4t\u00e9s d&rsquo;enfants \u00e9tait une \u00e9vidence. Dipl\u00f4m\u00e9e du BAFA en 2001 puis du CAP petite enfance en 2002, j&rsquo;ai \u00e9t\u00e9 agr\u00e9\u00e9e Assistante maternelle en Septembre 2012 avec la volont\u00e9 de construire un projet de MAM qui me ressemble. Je m&rsquo;int\u00e9resse particuli\u00e8rement \u00e0 la psychologie et aux \u00e9motions des jeunes enfants. <\/p>\n\n\n\n<p>Exp\u00e9riences avec les enfants de 1 mois\u00a01\/2 \u00e0 18 ans<\/p>\n<\/div><\/div>\n\n\n<style>.wp-block-kadence-iconlist.kt-svg-icon-list-items61_82d611-76:not(.this-stops-third-party-issues){margin-top:0px;margin-bottom:0px;}.wp-block-kadence-iconlist.kt-svg-icon-list-items61_82d611-76 ul.kt-svg-icon-list:not(.this-prevents-issues):not(.this-stops-third-party-issues):not(.tijsloc){margin-top:0px;margin-right:0px;margin-bottom:10px;margin-left:0px;}.wp-block-kadence-iconlist.kt-svg-icon-list-items61_82d611-76 ul.kt-svg-icon-list{grid-row-gap:0px;}.wp-block-kadence-iconlist.kt-svg-icon-list-items61_82d611-76 ul.kt-svg-icon-list .kt-svg-icon-list-item-wrap .kt-svg-icon-list-single{margin-right:16px;}.kt-svg-icon-list-items61_82d611-76 ul.kt-svg-icon-list .kt-svg-icon-list-item-wrap, .kt-svg-icon-list-items61_82d611-76 ul.kt-svg-icon-list .kt-svg-icon-list-item-wrap a{color:#887878;color:#887878;}<\/style>\n<div class=\"wp-block-kadence-iconlist kt-svg-icon-list-items kt-svg-icon-list-items61_82d611-76 kt-svg-icon-list-columns-1 alignleft\"><ul class=\"kt-svg-icon-list\"><style>.kt-svg-icon-list-item-61_34fb14-71 .kt-svg-icon-list-single{font-size:20px !important;}.kt-svg-icon-list-item-61_34fb14-71 .kt-svg-icon-list-text mark.kt-highlight{background-color:unset;font-style:normal;color:#f76a0c;-webkit-box-decoration-break:clone;box-decoration-break:clone;padding-top:0px;padding-right:0px;padding-bottom:0px;padding-left:0px;}<\/style>\n<li class=\"wp-block-kadence-listitem kt-svg-icon-list-item-wrap kt-svg-icon-list-item-61_34fb14-71 kt-svg-icon-list-style-default\"><span class=\"kb-svg-icon-wrap kb-svg-icon-fe_checkCircle kt-svg-icon-list-single\"><svg viewBox=\"0 0 24 24\"  fill=\"none\" stroke=\"currentColor\" stroke-width=\"2\" stroke-linecap=\"round\" stroke-linejoin=\"round\" xmlns=\"http:\/\/www.w3.org\/2000\/svg\"  aria-hidden=\"true\"><path d=\"M22 11.08V12a10 10 0 1 1-5.93-9.14\"\/><polyline points=\"22 4 12 14.01 9 11.01\"\/><\/svg><\/span><span class=\"kt-svg-icon-list-text\">Centres a\u00e9r\u00e9es<\/span><\/li>\n\n\n<style>.kt-svg-icon-list-item-61_b4cc09-4e .kt-svg-icon-list-single{font-size:20px !important;}.kt-svg-icon-list-item-61_b4cc09-4e .kt-svg-icon-list-text mark.kt-highlight{background-color:unset;font-style:normal;color:#f76a0c;-webkit-box-decoration-break:clone;box-decoration-break:clone;padding-top:0px;padding-right:0px;padding-bottom:0px;padding-left:0px;}<\/style>\n<li class=\"wp-block-kadence-listitem kt-svg-icon-list-item-wrap kt-svg-icon-list-item-61_b4cc09-4e kt-svg-icon-list-style-default\"><span class=\"kb-svg-icon-wrap kb-svg-icon-fe_checkCircle kt-svg-icon-list-single\"><svg viewBox=\"0 0 24 24\"  fill=\"none\" stroke=\"currentColor\" stroke-width=\"2\" stroke-linecap=\"round\" stroke-linejoin=\"round\" xmlns=\"http:\/\/www.w3.org\/2000\/svg\"  aria-hidden=\"true\"><path d=\"M22 11.08V12a10 10 0 1 1-5.93-9.14\"\/><polyline points=\"22 4 12 14.01 9 11.01\"\/><\/svg><\/span><span class=\"kt-svg-icon-list-text\">Garderie en station de ski<\/span><\/li>\n\n\n<style>.kt-svg-icon-list-item-61_18d24a-a2 .kt-svg-icon-list-single{font-size:20px !important;}.kt-svg-icon-list-item-61_18d24a-a2 .kt-svg-icon-list-text mark.kt-highlight{background-color:unset;font-style:normal;color:#f76a0c;-webkit-box-decoration-break:clone;box-decoration-break:clone;padding-top:0px;padding-right:0px;padding-bottom:0px;padding-left:0px;}<\/style>\n<li class=\"wp-block-kadence-listitem kt-svg-icon-list-item-wrap kt-svg-icon-list-item-61_18d24a-a2 kt-svg-icon-list-style-default\"><span class=\"kb-svg-icon-wrap kb-svg-icon-fe_checkCircle kt-svg-icon-list-single\"><svg viewBox=\"0 0 24 24\"  fill=\"none\" stroke=\"currentColor\" stroke-width=\"2\" stroke-linecap=\"round\" stroke-linejoin=\"round\" xmlns=\"http:\/\/www.w3.org\/2000\/svg\"  aria-hidden=\"true\"><path d=\"M22 11.08V12a10 10 0 1 1-5.93-9.14\"\/><polyline points=\"22 4 12 14.01 9 11.01\"\/><\/svg><\/span><span class=\"kt-svg-icon-list-text\">\u00c9coles maternelles<\/span><\/li>\n\n\n<style>.kt-svg-icon-list-item-61_4bf01c-02 .kt-svg-icon-list-single{font-size:20px !important;}.kt-svg-icon-list-item-61_4bf01c-02 .kt-svg-icon-list-text mark.kt-highlight{background-color:unset;font-style:normal;color:#f76a0c;-webkit-box-decoration-break:clone;box-decoration-break:clone;padding-top:0px;padding-right:0px;padding-bottom:0px;padding-left:0px;}<\/style>\n<li class=\"wp-block-kadence-listitem kt-svg-icon-list-item-wrap kt-svg-icon-list-item-61_4bf01c-02 kt-svg-icon-list-style-default\"><span class=\"kb-svg-icon-wrap kb-svg-icon-fe_checkCircle kt-svg-icon-list-single\"><svg viewBox=\"0 0 24 24\"  fill=\"none\" stroke=\"currentColor\" stroke-width=\"2\" stroke-linecap=\"round\" stroke-linejoin=\"round\" xmlns=\"http:\/\/www.w3.org\/2000\/svg\"  aria-hidden=\"true\"><path d=\"M22 11.08V12a10 10 0 1 1-5.93-9.14\"\/><polyline points=\"22 4 12 14.01 9 11.01\"\/><\/svg><\/span><span class=\"kt-svg-icon-list-text\">Haltes-garderies<\/span><\/li>\n\n\n<style>.kt-svg-icon-list-item-61_2fdc11-b3 .kt-svg-icon-list-single{font-size:20px !important;}.kt-svg-icon-list-item-61_2fdc11-b3 .kt-svg-icon-list-text mark.kt-highlight{background-color:unset;font-style:normal;color:#f76a0c;-webkit-box-decoration-break:clone;box-decoration-break:clone;padding-top:0px;padding-right:0px;padding-bottom:0px;padding-left:0px;}<\/style>\n<li class=\"wp-block-kadence-listitem kt-svg-icon-list-item-wrap kt-svg-icon-list-item-61_2fdc11-b3 kt-svg-icon-list-style-default\"><span class=\"kb-svg-icon-wrap kb-svg-icon-fe_checkCircle kt-svg-icon-list-single\"><svg viewBox=\"0 0 24 24\"  fill=\"none\" stroke=\"currentColor\" stroke-width=\"2\" stroke-linecap=\"round\" stroke-linejoin=\"round\" xmlns=\"http:\/\/www.w3.org\/2000\/svg\"  aria-hidden=\"true\"><path d=\"M22 11.08V12a10 10 0 1 1-5.93-9.14\"\/><polyline points=\"22 4 12 14.01 9 11.01\"\/><\/svg><\/span><span class=\"kt-svg-icon-list-text\">Cr\u00e8ches associative, parentale, municipale<\/span><\/li>\n<\/ul><\/div>\n\n\n<style>.kb-row-layout-id61_87995d-8c > .kt-row-column-wrap{align-content:start;}:where(.kb-row-layout-id61_87995d-8c > .kt-row-column-wrap) > .wp-block-kadence-column{justify-content:start;}.kb-row-layout-id61_87995d-8c > .kt-row-column-wrap{column-gap:var(--global-kb-gap-md, 2rem);row-gap:var(--global-kb-gap-md, 2rem);max-width:960px;padding-top:var(--global-kb-spacing-sm, 1.5rem);padding-bottom:var(--global-kb-spacing-sm, 1.5rem);grid-template-columns:minmax(0, 1fr);}.kb-row-layout-id61_87995d-8c > .kt-row-layout-overlay{opacity:0.30;}@media all and (max-width: 1024px){.kb-row-layout-id61_87995d-8c > .kt-row-column-wrap{grid-template-columns:minmax(0, 1fr);}}@media all and (max-width: 767px){.kb-row-layout-id61_87995d-8c > .kt-row-column-wrap{grid-template-columns:minmax(0, 1fr);}}<\/style><div class=\"kb-row-layout-wrap kb-row-layout-id61_87995d-8c alignnone wp-block-kadence-rowlayout\"><div class=\"kt-row-column-wrap kt-has-1-columns kt-row-layout-equal kt-tab-layout-inherit kt-mobile-layout-row kt-row-valign-top kb-theme-content-width\">\n<style>.kadence-column61_9be15d-48 > .kt-inside-inner-col,.kadence-column61_9be15d-48 > .kt-inside-inner-col:before{border-top-left-radius:0px;border-top-right-radius:0px;border-bottom-right-radius:0px;border-bottom-left-radius:0px;}.kadence-column61_9be15d-48 > .kt-inside-inner-col{column-gap:var(--global-kb-gap-sm, 1rem);}.kadence-column61_9be15d-48 > .kt-inside-inner-col{flex-direction:column;}.kadence-column61_9be15d-48 > .kt-inside-inner-col > .aligncenter{width:100%;}.kadence-column61_9be15d-48 > .kt-inside-inner-col:before{opacity:0.3;}.kadence-column61_9be15d-48{position:relative;}@media all and (max-width: 1024px){.kadence-column61_9be15d-48 > .kt-inside-inner-col{flex-direction:column;justify-content:center;}}@media all and (max-width: 767px){.kadence-column61_9be15d-48 > .kt-inside-inner-col{flex-direction:column;justify-content:center;}}<\/style>\n<div class=\"wp-block-kadence-column kadence-column61_9be15d-48\"><div class=\"kt-inside-inner-col\"><\/div><\/div>\n\n<\/div><\/div>\n\n\n<div class=\"wp-block-group is-nowrap is-layout-flex wp-container-core-group-is-layout-6c531013 wp-block-group-is-layout-flex\"><\/div>\n\n\n\n<figure class=\"wp-block-image\"><img loading=\"lazy\" decoding=\"async\" width=\"991\" height=\"661\" src=\"http:\/\/mamlesmamounettes.com\/wp-content\/uploads\/2022\/05\/IMG_7564-1-edited.jpg\" alt=\"\" class=\"wp-image-460\" srcset=\"https:\/\/mamlesmamounettes.com\/wp-content\/uploads\/2022\/05\/IMG_7564-1-edited.jpg 991w, https:\/\/mamlesmamounettes.com\/wp-content\/uploads\/2022\/05\/IMG_7564-1-edited-300x200.jpg 300w, https:\/\/mamlesmamounettes.com\/wp-content\/uploads\/2022\/05\/IMG_7564-1-edited-768x512.jpg 768w, https:\/\/mamlesmamounettes.com\/wp-content\/uploads\/2022\/05\/IMG_7564-1-edited-770x513.jpg 770w, https:\/\/mamlesmamounettes.com\/wp-content\/uploads\/2022\/05\/IMG_7564-1-edited-370x247.jpg 370w\" sizes=\"auto, (max-width: 991px) 100vw, 991px\" \/><\/figure>\n\n\n\n<p><strong><em>Charl\u00e8ne Fernandes<\/em><\/strong><\/p>\n\n\n\n<p><strong>Assistante maternelle agr\u00e9e en Juillet 2022<\/strong><\/p>\n\n\n\n<p>Plusieurs exp\u00e9riences aupr\u00e8s d&rsquo;enfants de 0 \u00e0 3 ans :<\/p>\n\n\n\n<p><\/p>\n\n\n<style>.wp-block-kadence-iconlist.kt-svg-icon-list-items61_6d6403-af:not(.this-stops-third-party-issues){margin-top:0px;margin-bottom:0px;}.wp-block-kadence-iconlist.kt-svg-icon-list-items61_6d6403-af ul.kt-svg-icon-list:not(.this-prevents-issues):not(.this-stops-third-party-issues):not(.tijsloc){margin-top:0px;margin-right:0px;margin-bottom:10px;margin-left:0px;}.wp-block-kadence-iconlist.kt-svg-icon-list-items61_6d6403-af ul.kt-svg-icon-list{grid-row-gap:5px;}.wp-block-kadence-iconlist.kt-svg-icon-list-items61_6d6403-af ul.kt-svg-icon-list .kt-svg-icon-list-item-wrap .kt-svg-icon-list-single{margin-right:10px;}.kt-svg-icon-list-items61_6d6403-af ul.kt-svg-icon-list .kt-svg-icon-list-item-wrap, .kt-svg-icon-list-items61_6d6403-af ul.kt-svg-icon-list .kt-svg-icon-list-item-wrap a{color:#887878;color:#887878;}<\/style>\n<div class=\"wp-block-kadence-iconlist kt-svg-icon-list-items kt-svg-icon-list-items61_6d6403-af kt-svg-icon-list-columns-1 alignnone\"><ul class=\"kt-svg-icon-list\"><style>.kt-svg-icon-list-item-61_db8a15-9b .kt-svg-icon-list-single{font-size:20px !important;}.kt-svg-icon-list-item-61_db8a15-9b .kt-svg-icon-list-text mark.kt-highlight{background-color:unset;font-style:normal;color:#f76a0c;-webkit-box-decoration-break:clone;box-decoration-break:clone;padding-top:0px;padding-right:0px;padding-bottom:0px;padding-left:0px;}<\/style>\n<li class=\"wp-block-kadence-listitem kt-svg-icon-list-item-wrap kt-svg-icon-list-item-61_db8a15-9b kt-svg-icon-list-style-default\"><span class=\"kb-svg-icon-wrap kb-svg-icon-fe_checkCircle kt-svg-icon-list-single\"><svg viewBox=\"0 0 24 24\"  fill=\"none\" stroke=\"currentColor\" stroke-width=\"2\" stroke-linecap=\"round\" stroke-linejoin=\"round\" xmlns=\"http:\/\/www.w3.org\/2000\/svg\"  aria-hidden=\"true\"><path d=\"M22 11.08V12a10 10 0 1 1-5.93-9.14\"\/><polyline points=\"22 4 12 14.01 9 11.01\"\/><\/svg><\/span><span class=\"kt-svg-icon-list-text\">Cr\u00e8che associative<\/span><\/li>\n\n\n<style>.kt-svg-icon-list-item-61_a6f722-d9 .kt-svg-icon-list-single{font-size:20px !important;}.kt-svg-icon-list-item-61_a6f722-d9 .kt-svg-icon-list-text mark.kt-highlight{background-color:unset;font-style:normal;color:#f76a0c;-webkit-box-decoration-break:clone;box-decoration-break:clone;padding-top:0px;padding-right:0px;padding-bottom:0px;padding-left:0px;}<\/style>\n<li class=\"wp-block-kadence-listitem kt-svg-icon-list-item-wrap kt-svg-icon-list-item-61_a6f722-d9 kt-svg-icon-list-style-default\"><span class=\"kb-svg-icon-wrap kb-svg-icon-fe_checkCircle kt-svg-icon-list-single\"><svg viewBox=\"0 0 24 24\"  fill=\"none\" stroke=\"currentColor\" stroke-width=\"2\" stroke-linecap=\"round\" stroke-linejoin=\"round\" xmlns=\"http:\/\/www.w3.org\/2000\/svg\"  aria-hidden=\"true\"><path d=\"M22 11.08V12a10 10 0 1 1-5.93-9.14\"\/><polyline points=\"22 4 12 14.01 9 11.01\"\/><\/svg><\/span><span class=\"kt-svg-icon-list-text\">Cr\u00e8che municipale <\/span><\/li>\n\n\n<style>.kt-svg-icon-list-item-61_4b58d6-d7 .kt-svg-icon-list-single{font-size:20px !important;}.kt-svg-icon-list-item-61_4b58d6-d7 .kt-svg-icon-list-text mark.kt-highlight{background-color:unset;font-style:normal;color:#f76a0c;-webkit-box-decoration-break:clone;box-decoration-break:clone;padding-top:0px;padding-right:0px;padding-bottom:0px;padding-left:0px;}<\/style>\n<li class=\"wp-block-kadence-listitem kt-svg-icon-list-item-wrap kt-svg-icon-list-item-61_4b58d6-d7 kt-svg-icon-list-style-default\"><span class=\"kb-svg-icon-wrap kb-svg-icon-fe_checkCircle kt-svg-icon-list-single\"><svg viewBox=\"0 0 24 24\"  fill=\"none\" stroke=\"currentColor\" stroke-width=\"2\" stroke-linecap=\"round\" stroke-linejoin=\"round\" xmlns=\"http:\/\/www.w3.org\/2000\/svg\"  aria-hidden=\"true\"><path d=\"M22 11.08V12a10 10 0 1 1-5.93-9.14\"\/><polyline points=\"22 4 12 14.01 9 11.01\"\/><\/svg><\/span><span class=\"kt-svg-icon-list-text\">Baby-club (en club-vacances) <\/span><\/li>\n\n\n<style>.kt-svg-icon-list-item-61_3a791d-09 .kt-svg-icon-list-single{font-size:20px !important;}.kt-svg-icon-list-item-61_3a791d-09 .kt-svg-icon-list-text mark.kt-highlight{background-color:unset;font-style:normal;color:#f76a0c;-webkit-box-decoration-break:clone;box-decoration-break:clone;padding-top:0px;padding-right:0px;padding-bottom:0px;padding-left:0px;}<\/style>\n<li class=\"wp-block-kadence-listitem kt-svg-icon-list-item-wrap kt-svg-icon-list-item-61_3a791d-09 kt-svg-icon-list-style-default\"><span class=\"kb-svg-icon-wrap kb-svg-icon-fe_checkCircle kt-svg-icon-list-single\"><svg viewBox=\"0 0 24 24\"  fill=\"none\" stroke=\"currentColor\" stroke-width=\"2\" stroke-linecap=\"round\" stroke-linejoin=\"round\" xmlns=\"http:\/\/www.w3.org\/2000\/svg\"  aria-hidden=\"true\"><path d=\"M22 11.08V12a10 10 0 1 1-5.93-9.14\"\/><polyline points=\"22 4 12 14.01 9 11.01\"\/><\/svg><\/span><span class=\"kt-svg-icon-list-text\">Animatrice pour enfants (en camping)<\/span><\/li>\n<\/ul><\/div>\n\n\n\n<figure class=\"wp-block-image size-full is-resized\"><img loading=\"lazy\" decoding=\"async\" width=\"283\" height=\"203\" src=\"http:\/\/mamlesmamounettes.com\/wp-content\/uploads\/2024\/11\/Capture-decran-2024-11-21-a-22.00.34.png\" alt=\"Honorine Portemer\" class=\"wp-image-549\" style=\"aspect-ratio:1.3941217310807683;width:840px;height:auto\"\/><\/figure>\n\n\n\n<p><strong><em><strong><em>Honorine Portemer<\/em><\/strong><\/em><\/strong><\/p>\n\n\n\n<p><strong>Assistante maternelle agr\u00e9e en Septembre 2024<\/strong><\/p>\n\n\n\n<p>Plusieurs exp\u00e9riences aupr\u00e8s d&rsquo;enfants de 0 \u00e0 3 ans :<\/p>\n\n\n\n<p><\/p>\n\n\n<style>.wp-block-kadence-iconlist.kt-svg-icon-list-items61_6f7ab6-30:not(.this-stops-third-party-issues){margin-top:0px;margin-bottom:0px;}.wp-block-kadence-iconlist.kt-svg-icon-list-items61_6f7ab6-30 ul.kt-svg-icon-list:not(.this-prevents-issues):not(.this-stops-third-party-issues):not(.tijsloc){margin-top:0px;margin-right:0px;margin-bottom:var(--global-kb-spacing-sm, 1.5rem);margin-left:0px;}.wp-block-kadence-iconlist.kt-svg-icon-list-items61_6f7ab6-30 ul.kt-svg-icon-list{grid-row-gap:5px;}.wp-block-kadence-iconlist.kt-svg-icon-list-items61_6f7ab6-30 ul.kt-svg-icon-list .kt-svg-icon-list-item-wrap .kt-svg-icon-list-single{margin-right:10px;}.kt-svg-icon-list-items61_6f7ab6-30 ul.kt-svg-icon-list .kt-svg-icon-list-level-0 .kt-svg-icon-list-single svg{font-size:20px;}<\/style>\n<div class=\"wp-block-kadence-iconlist kt-svg-icon-list-items kt-svg-icon-list-items61_6f7ab6-30 kt-svg-icon-list-columns-1 alignnone\"><ul class=\"kt-svg-icon-list\"><style>.kt-svg-icon-list-item-61_fc6950-9a .kt-svg-icon-list-text mark.kt-highlight{background-color:unset;font-style:normal;color:#f76a0c;-webkit-box-decoration-break:clone;box-decoration-break:clone;padding-top:0px;padding-right:0px;padding-bottom:0px;padding-left:0px;}<\/style>\n<li class=\"wp-block-kadence-listitem kt-svg-icon-list-item-wrap kt-svg-icon-list-item-61_fc6950-9a\"><span class=\"kb-svg-icon-wrap kb-svg-icon-fe_checkCircle kt-svg-icon-list-single\"><svg viewBox=\"0 0 24 24\"  fill=\"none\" stroke=\"currentColor\" stroke-width=\"2\" stroke-linecap=\"round\" stroke-linejoin=\"round\" xmlns=\"http:\/\/www.w3.org\/2000\/svg\"  aria-hidden=\"true\"><path d=\"M22 11.08V12a10 10 0 1 1-5.93-9.14\"\/><polyline points=\"22 4 12 14.01 9 11.01\"\/><\/svg><\/span><span class=\"kt-svg-icon-list-text\">Baby-sitting <\/span><\/li>\n\n\n<style>.kt-svg-icon-list-item-61_1b3558-52 .kt-svg-icon-list-text mark.kt-highlight{background-color:unset;font-style:normal;color:#f76a0c;-webkit-box-decoration-break:clone;box-decoration-break:clone;padding-top:0px;padding-right:0px;padding-bottom:0px;padding-left:0px;}<\/style>\n<li class=\"wp-block-kadence-listitem kt-svg-icon-list-item-wrap kt-svg-icon-list-item-61_1b3558-52\"><span class=\"kb-svg-icon-wrap kb-svg-icon-fe_checkCircle kt-svg-icon-list-single\"><svg viewBox=\"0 0 24 24\"  fill=\"none\" stroke=\"currentColor\" stroke-width=\"2\" stroke-linecap=\"round\" stroke-linejoin=\"round\" xmlns=\"http:\/\/www.w3.org\/2000\/svg\"  aria-hidden=\"true\"><path d=\"M22 11.08V12a10 10 0 1 1-5.93-9.14\"\/><polyline points=\"22 4 12 14.01 9 11.01\"\/><\/svg><\/span><span class=\"kt-svg-icon-list-text\">Exp\u00e9rience familiale<\/span><\/li>\n<\/ul><\/div>\n\n\n\n<h2 class=\"wp-block-heading\">L&rsquo;association<\/h2>\n\n\n\n<p>L&rsquo;association Les Mamounettes est une association r\u00e9gie par la loi de 1901. Elle propose un accompagnement du jeune enfant et de sa famille sous le statut de maison d&rsquo;assistante maternelle.<br>L\u2019association accepte les\u00a0<strong>dons<\/strong>\u00a0et pourrait accueillir des b\u00e9n\u00e9voles pour\u00a0intervenir le temps d&rsquo;un atelier (lecture, \u00e9veil musical, ect&#8230;) aupr\u00e8s des enfants\u00a0de la structure.<\/p>\n","protected":false},"excerpt":{"rendered":"<p>Fabienne Lebreton Assistante maternelle agr\u00e9e en Septembre 2012 Passionn\u00e9e par le secteur de la petite enfance depuis mon plus jeune \u00e2ge, travailler aux c\u00f4t\u00e9s d&rsquo;enfants \u00e9tait une \u00e9vidence. Dipl\u00f4m\u00e9e du BAFA en 2001 puis du CAP petite enfance en 2002, j&rsquo;ai \u00e9t\u00e9 agr\u00e9\u00e9e Assistante maternelle en Septembre 2012 avec la volont\u00e9 de construire un projet de MAM qui me ressemble. Je m&rsquo;int\u00e9resse particuli\u00e8rement \u00e0 la psychologie et aux \u00e9motions des jeunes enfants. Exp\u00e9riences avec les enfants de 1 mois\u00a01\/2 \u00e0 18 ans Charl\u00e8ne Fernandes Assistante maternelle agr\u00e9e en Juillet 2022 Plusieurs exp\u00e9riences aupr\u00e8s d&rsquo;enfants de 0 \u00e0 3 ans : Honorine Portemer Assistante maternelle agr\u00e9e en Septembre 2024 Plusieurs exp\u00e9riences aupr\u00e8s d&rsquo;enfants de 0 \u00e0 3 ans : L&rsquo;association L&rsquo;association Les Mamounettes est une association r\u00e9gie par la loi de 1901. Elle propose un accompagnement du jeune enfant et de sa famille sous le statut de maison d&rsquo;assistante maternelle.L\u2019association accepte les\u00a0dons\u00a0et pourrait accueillir des b\u00e9n\u00e9voles pour\u00a0intervenir le temps d&rsquo;un atelier (lecture, \u00e9veil musical, ect&#8230;) aupr\u00e8s des enfants\u00a0de la structure.<\/p>\n","protected":false},"author":1,"featured_media":0,"parent":0,"menu_order":0,"comment_status":"closed","ping_status":"closed","template":"","meta":{"footnotes":""},"class_list":["post-61","page","type-page","status-publish","hentry"],"_links":{"self":[{"href":"https:\/\/mamlesmamounettes.com\/index.php?rest_route=\/wp\/v2\/pages\/61","targetHints":{"allow":["GET"]}}],"collection":[{"href":"https:\/\/mamlesmamounettes.com\/index.php?rest_route=\/wp\/v2\/pages"}],"about":[{"href":"https:\/\/mamlesmamounettes.com\/index.php?rest_route=\/wp\/v2\/types\/page"}],"author":[{"embeddable":true,"href":"https:\/\/mamlesmamounettes.com\/index.php?rest_route=\/wp\/v2\/users\/1"}],"replies":[{"embeddable":true,"href":"https:\/\/mamlesmamounettes.com\/index.php?rest_route=%2Fwp%2Fv2%2Fcomments&post=61"}],"version-history":[{"count":12,"href":"https:\/\/mamlesmamounettes.com\/index.php?rest_route=\/wp\/v2\/pages\/61\/revisions"}],"predecessor-version":[{"id":568,"href":"https:\/\/mamlesmamounettes.com\/index.php?rest_route=\/wp\/v2\/pages\/61\/revisions\/568"}],"wp:attachment":[{"href":"https:\/\/mamlesmamounettes.com\/index.php?rest_route=%2Fwp%2Fv2%2Fmedia&parent=61"}],"curies":[{"name":"wp","href":"https:\/\/api.w.org\/{rel}","templated":true}]}}