{"id":429,"date":"2022-05-31T17:50:39","date_gmt":"2022-05-31T17:50:39","guid":{"rendered":"http:\/\/mamlesmamounettes.com\/?page_id=429"},"modified":"2022-05-31T17:50:40","modified_gmt":"2022-05-31T17:50:40","slug":"2-periode-dadaptation","status":"publish","type":"page","link":"https:\/\/mamlesmamounettes.com\/?page_id=429","title":{"rendered":"2- P\u00e9riode d&rsquo;adaptation"},"content":{"rendered":"\n<p>Quel que soit son \u00e2ge, l\u2019enfant arrive avec son histoire. Son arriv\u00e9e constitue un changement dans sa vie (lieu, personnes, rythme). La p\u00e9riode d\u2019adaptation permet aux enfants, \u00e0 leurs parents et aux assistantes maternelles de faire mutuellement connaissance afin de construire au maximum un sentiment de s\u00e9curit\u00e9 et de confiance, n\u00e9cessaire \u00e0 chacun.&nbsp;<\/p>\n\n\n\n<p>L\u2019enfant d\u00e9couvre son nouveau cadre de vie et se familiarise avec son assistante maternelle tout en faisant connaissance avec les autres membres de l\u2019\u00e9quipe et enfants de la MAM.&nbsp;<\/p>\n\n\n\n<p><strong>Le d\u00e9roul\u00e9 de cette p\u00e9riode est modulable en fonction du rythme d\u2019adaptation de l\u2019enfant. Les parents devront se rendre disponible pendant 2 semaines afin d&rsquo;int\u00e9grer progressivement les temps forts d&rsquo;une journ\u00e9e type \u00e0 la MAM (sommeil, repas, s\u00e9curit\u00e9).&nbsp;<\/strong><\/p>\n","protected":false},"excerpt":{"rendered":"<p>Quel que soit son \u00e2ge, l\u2019enfant arrive avec son histoire. Son arriv\u00e9e constitue un changement dans sa vie (lieu, personnes, rythme). La p\u00e9riode d\u2019adaptation permet aux enfants, \u00e0 leurs parents et aux assistantes maternelles de faire mutuellement connaissance afin de construire au maximum un sentiment de s\u00e9curit\u00e9 et de confiance, n\u00e9cessaire \u00e0 chacun.&nbsp; L\u2019enfant d\u00e9couvre son nouveau cadre de vie et se familiarise avec son assistante maternelle tout en faisant connaissance avec les autres membres de l\u2019\u00e9quipe et enfants de la MAM.&nbsp; Le d\u00e9roul\u00e9 de cette p\u00e9riode est modulable en fonction du rythme d\u2019adaptation de l\u2019enfant. Les parents devront se rendre disponible pendant 2 semaines afin d&rsquo;int\u00e9grer progressivement les temps forts d&rsquo;une journ\u00e9e type \u00e0 la MAM (sommeil, repas, s\u00e9curit\u00e9).&nbsp;<\/p>\n","protected":false},"author":1,"featured_media":0,"parent":0,"menu_order":0,"comment_status":"closed","ping_status":"closed","template":"","meta":{"footnotes":""},"class_list":["post-429","page","type-page","status-publish","hentry"],"_links":{"self":[{"href":"https:\/\/mamlesmamounettes.com\/index.php?rest_route=\/wp\/v2\/pages\/429","targetHints":{"allow":["GET"]}}],"collection":[{"href":"https:\/\/mamlesmamounettes.com\/index.php?rest_route=\/wp\/v2\/pages"}],"about":[{"href":"https:\/\/mamlesmamounettes.com\/index.php?rest_route=\/wp\/v2\/types\/page"}],"author":[{"embeddable":true,"href":"https:\/\/mamlesmamounettes.com\/index.php?rest_route=\/wp\/v2\/users\/1"}],"replies":[{"embeddable":true,"href":"https:\/\/mamlesmamounettes.com\/index.php?rest_route=%2Fwp%2Fv2%2Fcomments&post=429"}],"version-history":[{"count":4,"href":"https:\/\/mamlesmamounettes.com\/index.php?rest_route=\/wp\/v2\/pages\/429\/revisions"}],"predecessor-version":[{"id":437,"href":"https:\/\/mamlesmamounettes.com\/index.php?rest_route=\/wp\/v2\/pages\/429\/revisions\/437"}],"wp:attachment":[{"href":"https:\/\/mamlesmamounettes.com\/index.php?rest_route=%2Fwp%2Fv2%2Fmedia&parent=429"}],"curies":[{"name":"wp","href":"https:\/\/api.w.org\/{rel}","templated":true}]}}